{"id":80,"date":"2025-12-12T19:44:02","date_gmt":"2025-12-12T19:44:02","guid":{"rendered":"http:\/\/xnlaviu.cluster121.hosting.ovh.net\/?page_id=80"},"modified":"2025-12-15T18:54:51","modified_gmt":"2025-12-15T18:54:51","slug":"boucles-d-oreilles","status":"publish","type":"page","link":"https:\/\/la-vie-d-apres.fr\/index.php\/mes-creations\/ma-fimo\/boucles-d-oreilles\/","title":{"rendered":"Boucles d&rsquo;oreilles"},"content":{"rendered":"\n<div style=\"background-image:url(&apos;https:\/\/la-vie-d-apres.fr\/wp-content\/uploads\/2025\/12\/Capture-decran-2025-12-12-a-22.54.16.png&apos;);background-size:cover;\" class=\"wp-block-group is-nowrap is-layout-flex wp-container-core-group-is-layout-6c531013 wp-block-group-is-layout-flex has-background\"><div data-block-name=\"woocommerce\/featured-category\" data-category-id=\"19\" data-focal-point=\"{&quot;x&quot;:0.5,&quot;y&quot;:0.57}\" class=\"wc-block-featured-category alignnone has-background-dim wp-block-woocommerce-featured-category\" style=\"min-height:500px;\"><div class=\"wc-block-featured-category__wrapper\"><div class=\"background-dim__overlay\" style=\"background-color: #000000\"><\/div><img decoding=\"async\" alt=\"Collection Printemps\" class=\"wc-block-featured-category__background-image\" src=\"https:\/\/la-vie-d-apres.fr\/wp-content\/uploads\/2025\/12\/Orange-Or-1024x1024.png\" style=\"object-fit: none;object-position: 50% 57%;\" \/><div class=\"wc-block-featured-category__inner-blocks\">\n<h2 data-block-name=\"woocommerce\/category-title\" data-text-align=\"center\" class=\"has-text-align-center wp-block-woocommerce-category-title\">Collection Printemps<\/h2>\n\n<div data-block-name=\"woocommerce\/category-description\" data-style=\"{&quot;elements&quot;:{&quot;link&quot;:{&quot;color&quot;:{&quot;text&quot;:&quot;#fffced&quot;}}},&quot;spacing&quot;:{&quot;padding&quot;:{&quot;top&quot;:&quot;var:preset|spacing|30&quot;,&quot;bottom&quot;:&quot;var:preset|spacing|40&quot;}},&quot;color&quot;:{&quot;text&quot;:&quot;#fffced&quot;}}\" data-text-align=\"center\" style=\"color:#fffced; padding-top:var(--wp--preset--spacing--30);padding-bottom:var(--wp--preset--spacing--40);\" class=\"has-text-align-center wp-elements-c9942002ba761242c69a0e49e2779a00 wp-block-woocommerce-category-description has-text-color\"><p>Comme les fleurs qui \u00e9closent et l\u2019amour de la vie qui rena\u00eet apr\u00e8s l\u2019hiver, la collection Printemps c\u00e9l\u00e8bre le renouveau et les couleurs qui apparaissent \u00e0 chaque saison.<\/p>\n<\/div>\n\n\n<div class=\"wp-block-buttons is-content-justification-center is-layout-flex wp-container-core-buttons-is-layout-a89b3969 wp-block-buttons-is-layout-flex\">\n<div class=\"wp-block-button\"><a class=\"wp-block-button__link has-text-color has-background has-link-color wp-element-button\" href=\"https:\/\/la-vie-d-apres.fr\/index.php\/product-category\/fimo\/boucles-d-oreilles\/printemps\/\" style=\"color:#043c33;background-color:#fff8db\">Acheter maintenant<\/a><\/div>\n<\/div>\n\n<\/div><\/div><\/div>\n\n<div data-block-name=\"woocommerce\/featured-category\" data-category-id=\"25\" data-media-id=\"555\" data-media-src=\"https:\/\/la-vie-d-apres.fr\/wp-content\/uploads\/2025\/12\/e3e70faa-8f2f-4699-a511-ed543e8492de-edited.png\" class=\"wc-block-featured-category alignnone has-background-dim wp-block-woocommerce-featured-category\" style=\"min-height:500px;\"><div class=\"wc-block-featured-category__wrapper\"><div class=\"background-dim__overlay\" style=\"background-color: #000000\"><\/div><img decoding=\"async\" alt=\"Collection \u00c9t\u00e9\" class=\"wc-block-featured-category__background-image\" src=\"https:\/\/la-vie-d-apres.fr\/wp-content\/uploads\/2025\/12\/e3e70faa-8f2f-4699-a511-ed543e8492de-edited.png\" style=\"object-fit: none;object-position: 50% 50%;\" \/><div class=\"wc-block-featured-category__inner-blocks\">\n<h2 data-block-name=\"woocommerce\/category-title\" data-text-align=\"center\" class=\"has-text-align-center wp-block-woocommerce-category-title\">Collection \u00c9t\u00e9<\/h2>\n\n<div data-block-name=\"woocommerce\/category-description\" data-style=\"{&quot;elements&quot;:{&quot;link&quot;:{&quot;color&quot;:{&quot;text&quot;:&quot;#fffced&quot;}}},&quot;spacing&quot;:{&quot;padding&quot;:{&quot;top&quot;:&quot;var:preset|spacing|20&quot;,&quot;bottom&quot;:&quot;var:preset|spacing|40&quot;}},&quot;color&quot;:{&quot;text&quot;:&quot;#fffced&quot;}}\" data-text-align=\"center\" style=\"color:#fffced; padding-top:var(--wp--preset--spacing--20);padding-bottom:var(--wp--preset--spacing--40);\" class=\"has-text-align-center wp-elements-357191a3f85439e9b7eac81ae89a78cd wp-block-woocommerce-category-description has-text-color\"><p>PROCHAINEMENT<br \/>\nDes boucles d\u2019oreilles en Fimo inspir\u00e9es des fruits de saison. Citron, cerises, kiwi\u2026 des cr\u00e9ations color\u00e9es et gourmandes, l\u00e9g\u00e8res et pleines de soleil pour un style frais et joyeux.<\/p>\n<\/div>\n\n\n<div class=\"wp-block-buttons is-content-justification-center is-layout-flex wp-container-core-buttons-is-layout-a89b3969 wp-block-buttons-is-layout-flex\">\n<div class=\"wp-block-button\"><a class=\"wp-block-button__link has-text-color has-background has-link-color wp-element-button\" href=\"https:\/\/la-vie-d-apres.fr\/index.php\/product-category\/fimo\/boucles-d-oreilles\/collection-ete\/\" style=\"color:#043c33;background-color:#fff8db\">Acheter maintenant<\/a><\/div>\n<\/div>\n\n<\/div><\/div><\/div><\/div>\n","protected":false},"excerpt":{"rendered":"","protected":false},"author":1,"featured_media":0,"parent":502,"menu_order":0,"comment_status":"closed","ping_status":"closed","template":"","meta":{"footnotes":""},"class_list":["post-80","page","type-page","status-publish","hentry"],"yoast_head":"<!-- This site is optimized with the Yoast SEO plugin v26.5 - https:\/\/yoast.com\/wordpress\/plugins\/seo\/ -->\n<title>Boucles d&#039;oreilles - La Vie D&#039;Apr\u00e8s<\/title>\n<meta name=\"robots\" content=\"index, follow, max-snippet:-1, max-image-preview:large, max-video-preview:-1\" \/>\n<link rel=\"canonical\" href=\"https:\/\/la-vie-d-apres.fr\/index.php\/mes-creations\/ma-fimo\/boucles-d-oreilles\/\" \/>\n<meta property=\"og:locale\" content=\"fr_FR\" \/>\n<meta property=\"og:type\" content=\"article\" \/>\n<meta property=\"og:title\" content=\"Boucles d&#039;oreilles - La Vie D&#039;Apr\u00e8s\" \/>\n<meta property=\"og:url\" content=\"https:\/\/la-vie-d-apres.fr\/index.php\/mes-creations\/ma-fimo\/boucles-d-oreilles\/\" \/>\n<meta property=\"og:site_name\" content=\"La Vie D&#039;Apr\u00e8s\" \/>\n<meta property=\"article:modified_time\" content=\"2025-12-15T18:54:51+00:00\" \/>\n<meta name=\"twitter:card\" content=\"summary_large_image\" \/>\n<meta name=\"twitter:label1\" content=\"Dur\u00e9e de lecture estim\u00e9e\" \/>\n\t<meta name=\"twitter:data1\" content=\"1 minute\" \/>\n<script type=\"application\/ld+json\" class=\"yoast-schema-graph\">{\"@context\":\"https:\/\/schema.org\",\"@graph\":[{\"@type\":\"WebPage\",\"@id\":\"https:\/\/la-vie-d-apres.fr\/index.php\/mes-creations\/ma-fimo\/boucles-d-oreilles\/\",\"url\":\"https:\/\/la-vie-d-apres.fr\/index.php\/mes-creations\/ma-fimo\/boucles-d-oreilles\/\",\"name\":\"Boucles d'oreilles - La Vie D&#039;Apr\u00e8s\",\"isPartOf\":{\"@id\":\"https:\/\/la-vie-d-apres.fr\/#website\"},\"datePublished\":\"2025-12-12T19:44:02+00:00\",\"dateModified\":\"2025-12-15T18:54:51+00:00\",\"breadcrumb\":{\"@id\":\"https:\/\/la-vie-d-apres.fr\/index.php\/mes-creations\/ma-fimo\/boucles-d-oreilles\/#breadcrumb\"},\"inLanguage\":\"fr-FR\",\"potentialAction\":[{\"@type\":\"ReadAction\",\"target\":[\"https:\/\/la-vie-d-apres.fr\/index.php\/mes-creations\/ma-fimo\/boucles-d-oreilles\/\"]}]},{\"@type\":\"BreadcrumbList\",\"@id\":\"https:\/\/la-vie-d-apres.fr\/index.php\/mes-creations\/ma-fimo\/boucles-d-oreilles\/#breadcrumb\",\"itemListElement\":[{\"@type\":\"ListItem\",\"position\":1,\"name\":\"Accueil\",\"item\":\"https:\/\/la-vie-d-apres.fr\/\"},{\"@type\":\"ListItem\",\"position\":2,\"name\":\"Mes cr\u00e9ations\",\"item\":\"https:\/\/la-vie-d-apres.fr\/index.php\/mes-creations\/\"},{\"@type\":\"ListItem\",\"position\":3,\"name\":\"Ma Fimo\",\"item\":\"https:\/\/la-vie-d-apres.fr\/index.php\/mes-creations\/ma-fimo\/\"},{\"@type\":\"ListItem\",\"position\":4,\"name\":\"Boucles d&rsquo;oreilles\"}]},{\"@type\":\"WebSite\",\"@id\":\"https:\/\/la-vie-d-apres.fr\/#website\",\"url\":\"https:\/\/la-vie-d-apres.fr\/\",\"name\":\"La Vie D&#039;Apr\u00e8s\",\"description\":\"Trucs et astuces oubli\u00e9es dont il faut se rappeler\",\"publisher\":{\"@id\":\"https:\/\/la-vie-d-apres.fr\/#organization\"},\"potentialAction\":[{\"@type\":\"SearchAction\",\"target\":{\"@type\":\"EntryPoint\",\"urlTemplate\":\"https:\/\/la-vie-d-apres.fr\/?s={search_term_string}\"},\"query-input\":{\"@type\":\"PropertyValueSpecification\",\"valueRequired\":true,\"valueName\":\"search_term_string\"}}],\"inLanguage\":\"fr-FR\"},{\"@type\":\"Organization\",\"@id\":\"https:\/\/la-vie-d-apres.fr\/#organization\",\"name\":\"La Vie D&#039;Apr\u00e8s\",\"url\":\"https:\/\/la-vie-d-apres.fr\/\",\"logo\":{\"@type\":\"ImageObject\",\"inLanguage\":\"fr-FR\",\"@id\":\"https:\/\/la-vie-d-apres.fr\/#\/schema\/logo\/image\/\",\"url\":\"https:\/\/la-vie-d-apres.fr\/wp-content\/uploads\/2025\/12\/logo-1.png\",\"contentUrl\":\"https:\/\/la-vie-d-apres.fr\/wp-content\/uploads\/2025\/12\/logo-1.png\",\"width\":1563,\"height\":1563,\"caption\":\"La Vie D&#039;Apr\u00e8s\"},\"image\":{\"@id\":\"https:\/\/la-vie-d-apres.fr\/#\/schema\/logo\/image\/\"}}]}<\/script>\n<!-- \/ Yoast SEO plugin. -->","yoast_head_json":{"title":"Boucles d'oreilles - La Vie D&#039;Apr\u00e8s","robots":{"index":"index","follow":"follow","max-snippet":"max-snippet:-1","max-image-preview":"max-image-preview:large","max-video-preview":"max-video-preview:-1"},"canonical":"https:\/\/la-vie-d-apres.fr\/index.php\/mes-creations\/ma-fimo\/boucles-d-oreilles\/","og_locale":"fr_FR","og_type":"article","og_title":"Boucles d'oreilles - La Vie D&#039;Apr\u00e8s","og_url":"https:\/\/la-vie-d-apres.fr\/index.php\/mes-creations\/ma-fimo\/boucles-d-oreilles\/","og_site_name":"La Vie D&#039;Apr\u00e8s","article_modified_time":"2025-12-15T18:54:51+00:00","twitter_card":"summary_large_image","twitter_misc":{"Dur\u00e9e de lecture estim\u00e9e":"1 minute"},"schema":{"@context":"https:\/\/schema.org","@graph":[{"@type":"WebPage","@id":"https:\/\/la-vie-d-apres.fr\/index.php\/mes-creations\/ma-fimo\/boucles-d-oreilles\/","url":"https:\/\/la-vie-d-apres.fr\/index.php\/mes-creations\/ma-fimo\/boucles-d-oreilles\/","name":"Boucles d'oreilles - La Vie D&#039;Apr\u00e8s","isPartOf":{"@id":"https:\/\/la-vie-d-apres.fr\/#website"},"datePublished":"2025-12-12T19:44:02+00:00","dateModified":"2025-12-15T18:54:51+00:00","breadcrumb":{"@id":"https:\/\/la-vie-d-apres.fr\/index.php\/mes-creations\/ma-fimo\/boucles-d-oreilles\/#breadcrumb"},"inLanguage":"fr-FR","potentialAction":[{"@type":"ReadAction","target":["https:\/\/la-vie-d-apres.fr\/index.php\/mes-creations\/ma-fimo\/boucles-d-oreilles\/"]}]},{"@type":"BreadcrumbList","@id":"https:\/\/la-vie-d-apres.fr\/index.php\/mes-creations\/ma-fimo\/boucles-d-oreilles\/#breadcrumb","itemListElement":[{"@type":"ListItem","position":1,"name":"Accueil","item":"https:\/\/la-vie-d-apres.fr\/"},{"@type":"ListItem","position":2,"name":"Mes cr\u00e9ations","item":"https:\/\/la-vie-d-apres.fr\/index.php\/mes-creations\/"},{"@type":"ListItem","position":3,"name":"Ma Fimo","item":"https:\/\/la-vie-d-apres.fr\/index.php\/mes-creations\/ma-fimo\/"},{"@type":"ListItem","position":4,"name":"Boucles d&rsquo;oreilles"}]},{"@type":"WebSite","@id":"https:\/\/la-vie-d-apres.fr\/#website","url":"https:\/\/la-vie-d-apres.fr\/","name":"La Vie D&#039;Apr\u00e8s","description":"Trucs et astuces oubli\u00e9es dont il faut se rappeler","publisher":{"@id":"https:\/\/la-vie-d-apres.fr\/#organization"},"potentialAction":[{"@type":"SearchAction","target":{"@type":"EntryPoint","urlTemplate":"https:\/\/la-vie-d-apres.fr\/?s={search_term_string}"},"query-input":{"@type":"PropertyValueSpecification","valueRequired":true,"valueName":"search_term_string"}}],"inLanguage":"fr-FR"},{"@type":"Organization","@id":"https:\/\/la-vie-d-apres.fr\/#organization","name":"La Vie D&#039;Apr\u00e8s","url":"https:\/\/la-vie-d-apres.fr\/","logo":{"@type":"ImageObject","inLanguage":"fr-FR","@id":"https:\/\/la-vie-d-apres.fr\/#\/schema\/logo\/image\/","url":"https:\/\/la-vie-d-apres.fr\/wp-content\/uploads\/2025\/12\/logo-1.png","contentUrl":"https:\/\/la-vie-d-apres.fr\/wp-content\/uploads\/2025\/12\/logo-1.png","width":1563,"height":1563,"caption":"La Vie D&#039;Apr\u00e8s"},"image":{"@id":"https:\/\/la-vie-d-apres.fr\/#\/schema\/logo\/image\/"}}]}},"jetpack_sharing_enabled":true,"_links":{"self":[{"href":"https:\/\/la-vie-d-apres.fr\/index.php\/wp-json\/wp\/v2\/pages\/80","targetHints":{"allow":["GET"]}}],"collection":[{"href":"https:\/\/la-vie-d-apres.fr\/index.php\/wp-json\/wp\/v2\/pages"}],"about":[{"href":"https:\/\/la-vie-d-apres.fr\/index.php\/wp-json\/wp\/v2\/types\/page"}],"author":[{"embeddable":true,"href":"https:\/\/la-vie-d-apres.fr\/index.php\/wp-json\/wp\/v2\/users\/1"}],"replies":[{"embeddable":true,"href":"https:\/\/la-vie-d-apres.fr\/index.php\/wp-json\/wp\/v2\/comments?post=80"}],"version-history":[{"count":17,"href":"https:\/\/la-vie-d-apres.fr\/index.php\/wp-json\/wp\/v2\/pages\/80\/revisions"}],"predecessor-version":[{"id":569,"href":"https:\/\/la-vie-d-apres.fr\/index.php\/wp-json\/wp\/v2\/pages\/80\/revisions\/569"}],"up":[{"embeddable":true,"href":"https:\/\/la-vie-d-apres.fr\/index.php\/wp-json\/wp\/v2\/pages\/502"}],"wp:attachment":[{"href":"https:\/\/la-vie-d-apres.fr\/index.php\/wp-json\/wp\/v2\/media?parent=80"}],"curies":[{"name":"wp","href":"https:\/\/api.w.org\/{rel}","templated":true}]}}