{"id":143,"date":"2025-12-15T10:09:55","date_gmt":"2025-12-15T10:09:55","guid":{"rendered":"https:\/\/xnlaviu.cluster121.hosting.ovh.net\/?post_type=product&#038;p=143"},"modified":"2025-12-15T13:43:07","modified_gmt":"2025-12-15T13:43:07","slug":"orange","status":"publish","type":"product","link":"https:\/\/la-vie-d-apres.fr\/index.php\/product\/orange\/","title":{"rendered":"Boucles Printemps &#8211; Orange"},"content":{"rendered":"<p data-start=\"137\" data-end=\"417\"><strong data-start=\"137\" data-end=\"147\">Orange<\/strong>, couleur de la cr\u00e9ativit\u00e9 et de la joie, elle apporte <strong data-start=\"202\" data-end=\"236\">\u00e9nergie, optimisme et vitalit\u00e9<\/strong> au quotidien. Porter ces boucles d\u2019oreilles, c\u2019est s\u2019offrir <strong data-start=\"297\" data-end=\"349\">un rayon de soleil et un souffle de bonne humeur<\/strong>, tout en stimulant la confiance en soi et l\u2019\u00e9quilibre \u00e9motionnel.<\/p>\n<p data-start=\"419\" data-end=\"710\">Ces boucles font partie de la collection <strong data-start=\"460\" data-end=\"473\">Printemps<\/strong> et sont <strong data-start=\"482\" data-end=\"505\">fa\u00e7onn\u00e9es \u00e0 la main<\/strong> en p\u00e2te polym\u00e8re, en forme de <strong data-start=\"536\" data-end=\"556\">fleur ou de c\u0153ur<\/strong>, pour un style <strong data-start=\"572\" data-end=\"592\">unique et vivant<\/strong>. Choisir vos boucles d\u2019oreilles, c\u2019est <strong data-start=\"632\" data-end=\"663\">exprimer votre personnalit\u00e9<\/strong> et c\u00e9l\u00e9brer la vie qui rena\u00eet apr\u00e8s l\u2019hiver.<\/p>\n<p data-start=\"712\" data-end=\"742\"><strong data-start=\"712\" data-end=\"740\">Variations disponibles :<\/strong><\/p>\n<ul data-start=\"743\" data-end=\"854\">\n<li data-start=\"743\" data-end=\"769\">\n<p data-start=\"745\" data-end=\"769\">Monture : Or ou Argent,\u00a0\u00a0Fine ou \u00c9paisse<\/p>\n<\/li>\n<li data-start=\"810\" data-end=\"854\">\n<p data-start=\"812\" data-end=\"854\">Forme : Grande Fleur, Petite Fleur, C\u0153ur<\/p>\n<\/li>\n<\/ul>\n<p>&nbsp;<\/p>\n<p data-start=\"856\" data-end=\"880\"><strong data-start=\"856\" data-end=\"876\">Caract\u00e9ristiques<\/strong> :<\/p>\n<ul data-start=\"881\" data-end=\"1023\">\n<li data-start=\"881\" data-end=\"894\">\n<p data-start=\"883\" data-end=\"894\">Fait main<\/p>\n<\/li>\n<li data-start=\"895\" data-end=\"924\">\n<p data-start=\"897\" data-end=\"924\">Couleur : Orange vibrante<\/p>\n<\/li>\n<li data-start=\"925\" data-end=\"989\">\n<p data-start=\"927\" data-end=\"989\">Cr\u00e9oles interchangeables \u2192 adaptez vos boucles \u00e0 votre style<\/p>\n<\/li>\n<li data-start=\"990\" data-end=\"1023\">\n<p data-start=\"992\" data-end=\"1023\">L\u00e9ger et confortable \u00e0 porter<\/p>\n<\/li>\n<\/ul>\n<p>&nbsp;<\/p>\n<p data-start=\"601\" data-end=\"687\"><strong data-start=\"1799\" data-end=\"1814\">Fabrication<\/strong> : 100% artisanale<\/p>\n<p data-start=\"601\" data-end=\"687\">\ud83d\udc49 <em data-start=\"1251\" data-end=\"1358\">Photos non contractuelles : chaque paire est unique, chaque cr\u00e9ation \u00e9tant faite \u00e0 la main, de l\u00e9g\u00e8res variations peuvent exister.<\/em><\/p>\n","protected":false},"excerpt":{"rendered":"<p>Choisissez votre monture et votre pendentif pour composer vos boucles d\u2019oreilles uniques.<\/p>\n","protected":false},"featured_media":450,"comment_status":"open","ping_status":"closed","template":"","meta":[],"product_brand":[],"product_cat":[19],"product_tag":[],"class_list":{"0":"post-143","1":"product","2":"type-product","3":"status-publish","4":"has-post-thumbnail","6":"product_cat-collection-printemps","8":"first","9":"instock","10":"shipping-taxable","11":"purchasable","12":"product-type-composite"},"yoast_head":"<!-- This site is optimized with the Yoast SEO plugin v26.5 - https:\/\/yoast.com\/wordpress\/plugins\/seo\/ -->\n<title>Boucles Printemps - Orange - La Vie D&#039;Apr\u00e8s<\/title>\n<meta name=\"description\" content=\"Boucles d\u2019oreilles artisanales de la collection Printemps, couleur orange. Fait main, en forme de fleur ou de c\u0153ur, elles apportent joie, \u00e9nergie et style unique \u00e0 votre quotidien.\" \/>\n<meta name=\"robots\" content=\"index, follow, max-snippet:-1, max-image-preview:large, max-video-preview:-1\" \/>\n<link rel=\"canonical\" href=\"https:\/\/la-vie-d-apres.fr\/index.php\/product\/orange\/\" \/>\n<meta property=\"og:locale\" content=\"fr_FR\" \/>\n<meta property=\"og:type\" content=\"article\" \/>\n<meta property=\"og:title\" content=\"Boucles Printemps - Orange - La Vie D&#039;Apr\u00e8s\" \/>\n<meta property=\"og:description\" content=\"Boucles d\u2019oreilles artisanales de la collection Printemps, couleur orange. Fait main, en forme de fleur ou de c\u0153ur, elles apportent joie, \u00e9nergie et style unique \u00e0 votre quotidien.\" \/>\n<meta property=\"og:url\" content=\"https:\/\/la-vie-d-apres.fr\/index.php\/product\/orange\/\" \/>\n<meta property=\"og:site_name\" content=\"La Vie D&#039;Apr\u00e8s\" \/>\n<meta property=\"article:modified_time\" content=\"2025-12-15T13:43:07+00:00\" \/>\n<meta property=\"og:image\" content=\"https:\/\/la-vie-d-apres.fr\/wp-content\/uploads\/2025\/12\/Orange-Or-1024x1024.png\" \/>\n\t<meta property=\"og:image:width\" content=\"1024\" \/>\n\t<meta property=\"og:image:height\" content=\"1024\" \/>\n\t<meta property=\"og:image:type\" content=\"image\/png\" \/>\n<meta name=\"twitter:card\" content=\"summary_large_image\" \/>\n<meta name=\"twitter:label1\" content=\"Dur\u00e9e de lecture estim\u00e9e\" \/>\n\t<meta name=\"twitter:data1\" content=\"1 minute\" \/>\n<script type=\"application\/ld+json\" class=\"yoast-schema-graph\">{\"@context\":\"https:\/\/schema.org\",\"@graph\":[{\"@type\":\"WebPage\",\"@id\":\"https:\/\/la-vie-d-apres.fr\/index.php\/product\/orange\/\",\"url\":\"https:\/\/la-vie-d-apres.fr\/index.php\/product\/orange\/\",\"name\":\"Boucles Printemps - Orange - La Vie D&#039;Apr\u00e8s\",\"isPartOf\":{\"@id\":\"https:\/\/la-vie-d-apres.fr\/#website\"},\"primaryImageOfPage\":{\"@id\":\"https:\/\/la-vie-d-apres.fr\/index.php\/product\/orange\/#primaryimage\"},\"image\":{\"@id\":\"https:\/\/la-vie-d-apres.fr\/index.php\/product\/orange\/#primaryimage\"},\"thumbnailUrl\":\"https:\/\/la-vie-d-apres.fr\/wp-content\/uploads\/2025\/12\/Orange-Or.png\",\"datePublished\":\"2025-12-15T10:09:55+00:00\",\"dateModified\":\"2025-12-15T13:43:07+00:00\",\"description\":\"Boucles d\u2019oreilles artisanales de la collection Printemps, couleur orange. Fait main, en forme de fleur ou de c\u0153ur, elles apportent joie, \u00e9nergie et style unique \u00e0 votre quotidien.\",\"breadcrumb\":{\"@id\":\"https:\/\/la-vie-d-apres.fr\/index.php\/product\/orange\/#breadcrumb\"},\"inLanguage\":\"fr-FR\",\"potentialAction\":[{\"@type\":\"ReadAction\",\"target\":[\"https:\/\/la-vie-d-apres.fr\/index.php\/product\/orange\/\"]}]},{\"@type\":\"ImageObject\",\"inLanguage\":\"fr-FR\",\"@id\":\"https:\/\/la-vie-d-apres.fr\/index.php\/product\/orange\/#primaryimage\",\"url\":\"https:\/\/la-vie-d-apres.fr\/wp-content\/uploads\/2025\/12\/Orange-Or.png\",\"contentUrl\":\"https:\/\/la-vie-d-apres.fr\/wp-content\/uploads\/2025\/12\/Orange-Or.png\",\"width\":1563,\"height\":1563},{\"@type\":\"BreadcrumbList\",\"@id\":\"https:\/\/la-vie-d-apres.fr\/index.php\/product\/orange\/#breadcrumb\",\"itemListElement\":[{\"@type\":\"ListItem\",\"position\":1,\"name\":\"Accueil\",\"item\":\"https:\/\/la-vie-d-apres.fr\/\"},{\"@type\":\"ListItem\",\"position\":2,\"name\":\"Shop\",\"item\":\"https:\/\/la-vie-d-apres.fr\/index.php\/shop\/\"},{\"@type\":\"ListItem\",\"position\":3,\"name\":\"Boucles Printemps &#8211; Orange\"}]},{\"@type\":\"WebSite\",\"@id\":\"https:\/\/la-vie-d-apres.fr\/#website\",\"url\":\"https:\/\/la-vie-d-apres.fr\/\",\"name\":\"La Vie D&#039;Apr\u00e8s\",\"description\":\"Trucs et astuces oubli\u00e9es dont il faut se rappeler\",\"publisher\":{\"@id\":\"https:\/\/la-vie-d-apres.fr\/#organization\"},\"potentialAction\":[{\"@type\":\"SearchAction\",\"target\":{\"@type\":\"EntryPoint\",\"urlTemplate\":\"https:\/\/la-vie-d-apres.fr\/?s={search_term_string}\"},\"query-input\":{\"@type\":\"PropertyValueSpecification\",\"valueRequired\":true,\"valueName\":\"search_term_string\"}}],\"inLanguage\":\"fr-FR\"},{\"@type\":\"Organization\",\"@id\":\"https:\/\/la-vie-d-apres.fr\/#organization\",\"name\":\"La Vie D&#039;Apr\u00e8s\",\"url\":\"https:\/\/la-vie-d-apres.fr\/\",\"logo\":{\"@type\":\"ImageObject\",\"inLanguage\":\"fr-FR\",\"@id\":\"https:\/\/la-vie-d-apres.fr\/#\/schema\/logo\/image\/\",\"url\":\"https:\/\/la-vie-d-apres.fr\/wp-content\/uploads\/2025\/12\/logo-1.png\",\"contentUrl\":\"https:\/\/la-vie-d-apres.fr\/wp-content\/uploads\/2025\/12\/logo-1.png\",\"width\":1563,\"height\":1563,\"caption\":\"La Vie D&#039;Apr\u00e8s\"},\"image\":{\"@id\":\"https:\/\/la-vie-d-apres.fr\/#\/schema\/logo\/image\/\"}}]}<\/script>\n<!-- \/ Yoast SEO plugin. -->","yoast_head_json":{"title":"Boucles Printemps - Orange - La Vie D&#039;Apr\u00e8s","description":"Boucles d\u2019oreilles artisanales de la collection Printemps, couleur orange. Fait main, en forme de fleur ou de c\u0153ur, elles apportent joie, \u00e9nergie et style unique \u00e0 votre quotidien.","robots":{"index":"index","follow":"follow","max-snippet":"max-snippet:-1","max-image-preview":"max-image-preview:large","max-video-preview":"max-video-preview:-1"},"canonical":"https:\/\/la-vie-d-apres.fr\/index.php\/product\/orange\/","og_locale":"fr_FR","og_type":"article","og_title":"Boucles Printemps - Orange - La Vie D&#039;Apr\u00e8s","og_description":"Boucles d\u2019oreilles artisanales de la collection Printemps, couleur orange. Fait main, en forme de fleur ou de c\u0153ur, elles apportent joie, \u00e9nergie et style unique \u00e0 votre quotidien.","og_url":"https:\/\/la-vie-d-apres.fr\/index.php\/product\/orange\/","og_site_name":"La Vie D&#039;Apr\u00e8s","article_modified_time":"2025-12-15T13:43:07+00:00","og_image":[{"width":1024,"height":1024,"url":"https:\/\/la-vie-d-apres.fr\/wp-content\/uploads\/2025\/12\/Orange-Or-1024x1024.png","type":"image\/png"}],"twitter_card":"summary_large_image","twitter_misc":{"Dur\u00e9e de lecture estim\u00e9e":"1 minute"},"schema":{"@context":"https:\/\/schema.org","@graph":[{"@type":"WebPage","@id":"https:\/\/la-vie-d-apres.fr\/index.php\/product\/orange\/","url":"https:\/\/la-vie-d-apres.fr\/index.php\/product\/orange\/","name":"Boucles Printemps - Orange - La Vie D&#039;Apr\u00e8s","isPartOf":{"@id":"https:\/\/la-vie-d-apres.fr\/#website"},"primaryImageOfPage":{"@id":"https:\/\/la-vie-d-apres.fr\/index.php\/product\/orange\/#primaryimage"},"image":{"@id":"https:\/\/la-vie-d-apres.fr\/index.php\/product\/orange\/#primaryimage"},"thumbnailUrl":"https:\/\/la-vie-d-apres.fr\/wp-content\/uploads\/2025\/12\/Orange-Or.png","datePublished":"2025-12-15T10:09:55+00:00","dateModified":"2025-12-15T13:43:07+00:00","description":"Boucles d\u2019oreilles artisanales de la collection Printemps, couleur orange. Fait main, en forme de fleur ou de c\u0153ur, elles apportent joie, \u00e9nergie et style unique \u00e0 votre quotidien.","breadcrumb":{"@id":"https:\/\/la-vie-d-apres.fr\/index.php\/product\/orange\/#breadcrumb"},"inLanguage":"fr-FR","potentialAction":[{"@type":"ReadAction","target":["https:\/\/la-vie-d-apres.fr\/index.php\/product\/orange\/"]}]},{"@type":"ImageObject","inLanguage":"fr-FR","@id":"https:\/\/la-vie-d-apres.fr\/index.php\/product\/orange\/#primaryimage","url":"https:\/\/la-vie-d-apres.fr\/wp-content\/uploads\/2025\/12\/Orange-Or.png","contentUrl":"https:\/\/la-vie-d-apres.fr\/wp-content\/uploads\/2025\/12\/Orange-Or.png","width":1563,"height":1563},{"@type":"BreadcrumbList","@id":"https:\/\/la-vie-d-apres.fr\/index.php\/product\/orange\/#breadcrumb","itemListElement":[{"@type":"ListItem","position":1,"name":"Accueil","item":"https:\/\/la-vie-d-apres.fr\/"},{"@type":"ListItem","position":2,"name":"Shop","item":"https:\/\/la-vie-d-apres.fr\/index.php\/shop\/"},{"@type":"ListItem","position":3,"name":"Boucles Printemps &#8211; Orange"}]},{"@type":"WebSite","@id":"https:\/\/la-vie-d-apres.fr\/#website","url":"https:\/\/la-vie-d-apres.fr\/","name":"La Vie D&#039;Apr\u00e8s","description":"Trucs et astuces oubli\u00e9es dont il faut se rappeler","publisher":{"@id":"https:\/\/la-vie-d-apres.fr\/#organization"},"potentialAction":[{"@type":"SearchAction","target":{"@type":"EntryPoint","urlTemplate":"https:\/\/la-vie-d-apres.fr\/?s={search_term_string}"},"query-input":{"@type":"PropertyValueSpecification","valueRequired":true,"valueName":"search_term_string"}}],"inLanguage":"fr-FR"},{"@type":"Organization","@id":"https:\/\/la-vie-d-apres.fr\/#organization","name":"La Vie D&#039;Apr\u00e8s","url":"https:\/\/la-vie-d-apres.fr\/","logo":{"@type":"ImageObject","inLanguage":"fr-FR","@id":"https:\/\/la-vie-d-apres.fr\/#\/schema\/logo\/image\/","url":"https:\/\/la-vie-d-apres.fr\/wp-content\/uploads\/2025\/12\/logo-1.png","contentUrl":"https:\/\/la-vie-d-apres.fr\/wp-content\/uploads\/2025\/12\/logo-1.png","width":1563,"height":1563,"caption":"La Vie D&#039;Apr\u00e8s"},"image":{"@id":"https:\/\/la-vie-d-apres.fr\/#\/schema\/logo\/image\/"}}]}},"jetpack_sharing_enabled":true,"_links":{"self":[{"href":"https:\/\/la-vie-d-apres.fr\/index.php\/wp-json\/wp\/v2\/product\/143","targetHints":{"allow":["GET"]}}],"collection":[{"href":"https:\/\/la-vie-d-apres.fr\/index.php\/wp-json\/wp\/v2\/product"}],"about":[{"href":"https:\/\/la-vie-d-apres.fr\/index.php\/wp-json\/wp\/v2\/types\/product"}],"replies":[{"embeddable":true,"href":"https:\/\/la-vie-d-apres.fr\/index.php\/wp-json\/wp\/v2\/comments?post=143"}],"wp:featuredmedia":[{"embeddable":true,"href":"https:\/\/la-vie-d-apres.fr\/index.php\/wp-json\/wp\/v2\/media\/450"}],"wp:attachment":[{"href":"https:\/\/la-vie-d-apres.fr\/index.php\/wp-json\/wp\/v2\/media?parent=143"}],"wp:term":[{"taxonomy":"product_brand","embeddable":true,"href":"https:\/\/la-vie-d-apres.fr\/index.php\/wp-json\/wp\/v2\/product_brand?post=143"},{"taxonomy":"product_cat","embeddable":true,"href":"https:\/\/la-vie-d-apres.fr\/index.php\/wp-json\/wp\/v2\/product_cat?post=143"},{"taxonomy":"product_tag","embeddable":true,"href":"https:\/\/la-vie-d-apres.fr\/index.php\/wp-json\/wp\/v2\/product_tag?post=143"}],"curies":[{"name":"wp","href":"https:\/\/api.w.org\/{rel}","templated":true}]}}