{"id":478,"date":"2025-12-14T14:49:51","date_gmt":"2025-12-14T14:49:51","guid":{"rendered":"https:\/\/xnlaviu.cluster121.hosting.ovh.net\/?post_type=product&#038;p=478"},"modified":"2025-12-15T13:45:17","modified_gmt":"2025-12-15T13:45:17","slug":"creoles-fines-or","status":"publish","type":"product","link":"https:\/\/la-vie-d-apres.fr\/index.php\/product\/creoles-fines-or\/","title":{"rendered":"Cr\u00e9oles fines OR"},"content":{"rendered":"<h3 data-start=\"116\" data-end=\"147\">Caract\u00e9ristiques du produit<\/h3>\n<ul data-start=\"171\" data-end=\"583\">\n<li data-start=\"171\" data-end=\"204\">\n<p data-start=\"173\" data-end=\"204\"><strong data-start=\"173\" data-end=\"192\">Diam\u00e8tre du fil<\/strong> : 0,70 mm<\/p>\n<\/li>\n<li data-start=\"205\" data-end=\"242\">\n<p data-start=\"207\" data-end=\"242\"><strong data-start=\"207\" data-end=\"232\">Diam\u00e8tre de la boucle<\/strong> : 25 mm<\/p>\n<\/li>\n<li data-start=\"243\" data-end=\"274\">\n<p data-start=\"245\" data-end=\"274\"><strong data-start=\"245\" data-end=\"263\">Poids unitaire<\/strong> : 0,30 g<\/p>\n<\/li>\n<li data-start=\"275\" data-end=\"309\">\n<p data-start=\"277\" data-end=\"309\"><strong data-start=\"277\" data-end=\"288\">Mati\u00e8re<\/strong> : Acier inoxydable<\/p>\n<\/li>\n<li data-start=\"310\" data-end=\"381\">\n<p data-start=\"312\" data-end=\"381\"><strong data-start=\"312\" data-end=\"339\">Galvanisation \/ Placage<\/strong> : Dor\u00e9 &#8211; Or 18K &#8211; 750\/1000, Placage PVD<\/p>\n<\/li>\n<li data-start=\"382\" data-end=\"402\">\n<p data-start=\"384\" data-end=\"402\"><strong data-start=\"384\" data-end=\"393\">Forme<\/strong> : Rond<\/p>\n<\/li>\n<li data-start=\"403\" data-end=\"426\">\n<p data-start=\"405\" data-end=\"426\"><strong data-start=\"405\" data-end=\"416\">Origine<\/strong> : Chine<\/p>\n<\/li>\n<li data-start=\"427\" data-end=\"465\">\n<p data-start=\"429\" data-end=\"465\"><strong data-start=\"429\" data-end=\"445\">Type d\u2019acier<\/strong> : Acier inox 316L<\/p>\n<\/li>\n<li data-start=\"466\" data-end=\"583\">\n<p data-start=\"468\" data-end=\"501\"><strong data-start=\"468\" data-end=\"497\">Certifications &amp; s\u00e9curit\u00e9<\/strong> :<\/p>\n<ul data-start=\"504\" data-end=\"583\">\n<li data-start=\"504\" data-end=\"522\">\n<p data-start=\"506\" data-end=\"522\">Conforme REACH<\/p>\n<\/li>\n<li data-start=\"525\" data-end=\"539\">\n<p data-start=\"527\" data-end=\"539\">Sans plomb<\/p>\n<\/li>\n<li data-start=\"542\" data-end=\"558\">\n<p data-start=\"544\" data-end=\"558\">Sans cadmium<\/p>\n<\/li>\n<li data-start=\"561\" data-end=\"583\">\n<p data-start=\"563\" data-end=\"583\">Sans nickel lib\u00e9r\u00e9<\/p>\n<\/li>\n<\/ul>\n<\/li>\n<\/ul>\n","protected":false},"excerpt":{"rendered":"<p data-start=\"106\" data-end=\"337\">Boucles d\u2019oreilles rondes en acier inox 316L dor\u00e9, diam\u00e8tre 25\u202fmm, l\u00e9g\u00e8res et hypoallerg\u00e9niques. Sans plomb, sans cadmium et sans nickel lib\u00e9r\u00e9, parfaites pour un port confortable et \u00e9l\u00e9gant au quotidien.<\/p>\n","protected":false},"featured_media":475,"comment_status":"open","ping_status":"closed","template":"","meta":[],"product_brand":[],"product_cat":[23],"product_tag":[],"class_list":{"0":"post-478","1":"product","2":"type-product","3":"status-publish","4":"has-post-thumbnail","6":"product_cat-montures-printemps","8":"first","9":"instock","10":"shipping-taxable","11":"purchasable","12":"product-type-simple"},"yoast_head":"<!-- This site is optimized with the Yoast SEO plugin v26.5 - https:\/\/yoast.com\/wordpress\/plugins\/seo\/ -->\n<title>Cr\u00e9oles fines OR - La Vie D&#039;Apr\u00e8s<\/title>\n<meta name=\"description\" content=\"Boucles d\u2019oreilles rondes en acier inox 316L dor\u00e9, diam\u00e8tre 25\u202fmm, l\u00e9g\u00e8res et hypoallerg\u00e9niques. Sans plomb, sans cadmium et sans nickel lib\u00e9r\u00e9, parfaites pour un port confortable et \u00e9l\u00e9gant au quotidien.\" \/>\n<meta name=\"robots\" content=\"index, follow, max-snippet:-1, max-image-preview:large, max-video-preview:-1\" \/>\n<link rel=\"canonical\" href=\"https:\/\/la-vie-d-apres.fr\/index.php\/product\/creoles-fines-or\/\" \/>\n<meta property=\"og:locale\" content=\"fr_FR\" \/>\n<meta property=\"og:type\" content=\"article\" \/>\n<meta property=\"og:title\" content=\"Cr\u00e9oles fines OR - La Vie D&#039;Apr\u00e8s\" \/>\n<meta property=\"og:description\" content=\"Boucles d\u2019oreilles rondes en acier inox 316L dor\u00e9, diam\u00e8tre 25\u202fmm, l\u00e9g\u00e8res et hypoallerg\u00e9niques. Sans plomb, sans cadmium et sans nickel lib\u00e9r\u00e9, parfaites pour un port confortable et \u00e9l\u00e9gant au quotidien.\" \/>\n<meta property=\"og:url\" content=\"https:\/\/la-vie-d-apres.fr\/index.php\/product\/creoles-fines-or\/\" \/>\n<meta property=\"og:site_name\" content=\"La Vie D&#039;Apr\u00e8s\" \/>\n<meta property=\"article:modified_time\" content=\"2025-12-15T13:45:17+00:00\" \/>\n<meta property=\"og:image\" content=\"https:\/\/la-vie-d-apres.fr\/wp-content\/uploads\/2025\/12\/im-creoles-fines-a-decorer-25-mm-acier-inoxydable-316l-dore-x20-1.webp\" \/>\n\t<meta property=\"og:image:width\" content=\"500\" \/>\n\t<meta property=\"og:image:height\" content=\"500\" \/>\n\t<meta property=\"og:image:type\" content=\"image\/webp\" \/>\n<meta name=\"twitter:card\" content=\"summary_large_image\" \/>\n<meta name=\"twitter:label1\" content=\"Dur\u00e9e de lecture estim\u00e9e\" \/>\n\t<meta name=\"twitter:data1\" content=\"1 minute\" \/>\n<script type=\"application\/ld+json\" class=\"yoast-schema-graph\">{\"@context\":\"https:\/\/schema.org\",\"@graph\":[{\"@type\":\"WebPage\",\"@id\":\"https:\/\/la-vie-d-apres.fr\/index.php\/product\/creoles-fines-or\/\",\"url\":\"https:\/\/la-vie-d-apres.fr\/index.php\/product\/creoles-fines-or\/\",\"name\":\"Cr\u00e9oles fines OR - La Vie D&#039;Apr\u00e8s\",\"isPartOf\":{\"@id\":\"https:\/\/la-vie-d-apres.fr\/#website\"},\"primaryImageOfPage\":{\"@id\":\"https:\/\/la-vie-d-apres.fr\/index.php\/product\/creoles-fines-or\/#primaryimage\"},\"image\":{\"@id\":\"https:\/\/la-vie-d-apres.fr\/index.php\/product\/creoles-fines-or\/#primaryimage\"},\"thumbnailUrl\":\"https:\/\/la-vie-d-apres.fr\/wp-content\/uploads\/2025\/12\/im-creoles-fines-a-decorer-25-mm-acier-inoxydable-316l-dore-x20-1.webp\",\"datePublished\":\"2025-12-14T14:49:51+00:00\",\"dateModified\":\"2025-12-15T13:45:17+00:00\",\"description\":\"Boucles d\u2019oreilles rondes en acier inox 316L dor\u00e9, diam\u00e8tre 25\u202fmm, l\u00e9g\u00e8res et hypoallerg\u00e9niques. Sans plomb, sans cadmium et sans nickel lib\u00e9r\u00e9, parfaites pour un port confortable et \u00e9l\u00e9gant au quotidien.\",\"breadcrumb\":{\"@id\":\"https:\/\/la-vie-d-apres.fr\/index.php\/product\/creoles-fines-or\/#breadcrumb\"},\"inLanguage\":\"fr-FR\",\"potentialAction\":[{\"@type\":\"ReadAction\",\"target\":[\"https:\/\/la-vie-d-apres.fr\/index.php\/product\/creoles-fines-or\/\"]}]},{\"@type\":\"ImageObject\",\"inLanguage\":\"fr-FR\",\"@id\":\"https:\/\/la-vie-d-apres.fr\/index.php\/product\/creoles-fines-or\/#primaryimage\",\"url\":\"https:\/\/la-vie-d-apres.fr\/wp-content\/uploads\/2025\/12\/im-creoles-fines-a-decorer-25-mm-acier-inoxydable-316l-dore-x20-1.webp\",\"contentUrl\":\"https:\/\/la-vie-d-apres.fr\/wp-content\/uploads\/2025\/12\/im-creoles-fines-a-decorer-25-mm-acier-inoxydable-316l-dore-x20-1.webp\",\"width\":500,\"height\":500},{\"@type\":\"BreadcrumbList\",\"@id\":\"https:\/\/la-vie-d-apres.fr\/index.php\/product\/creoles-fines-or\/#breadcrumb\",\"itemListElement\":[{\"@type\":\"ListItem\",\"position\":1,\"name\":\"Accueil\",\"item\":\"https:\/\/la-vie-d-apres.fr\/\"},{\"@type\":\"ListItem\",\"position\":2,\"name\":\"Shop\",\"item\":\"https:\/\/la-vie-d-apres.fr\/index.php\/shop\/\"},{\"@type\":\"ListItem\",\"position\":3,\"name\":\"Cr\u00e9oles fines OR\"}]},{\"@type\":\"WebSite\",\"@id\":\"https:\/\/la-vie-d-apres.fr\/#website\",\"url\":\"https:\/\/la-vie-d-apres.fr\/\",\"name\":\"La Vie D&#039;Apr\u00e8s\",\"description\":\"Trucs et astuces oubli\u00e9es dont il faut se rappeler\",\"publisher\":{\"@id\":\"https:\/\/la-vie-d-apres.fr\/#organization\"},\"potentialAction\":[{\"@type\":\"SearchAction\",\"target\":{\"@type\":\"EntryPoint\",\"urlTemplate\":\"https:\/\/la-vie-d-apres.fr\/?s={search_term_string}\"},\"query-input\":{\"@type\":\"PropertyValueSpecification\",\"valueRequired\":true,\"valueName\":\"search_term_string\"}}],\"inLanguage\":\"fr-FR\"},{\"@type\":\"Organization\",\"@id\":\"https:\/\/la-vie-d-apres.fr\/#organization\",\"name\":\"La Vie D&#039;Apr\u00e8s\",\"url\":\"https:\/\/la-vie-d-apres.fr\/\",\"logo\":{\"@type\":\"ImageObject\",\"inLanguage\":\"fr-FR\",\"@id\":\"https:\/\/la-vie-d-apres.fr\/#\/schema\/logo\/image\/\",\"url\":\"https:\/\/la-vie-d-apres.fr\/wp-content\/uploads\/2025\/12\/logo-1.png\",\"contentUrl\":\"https:\/\/la-vie-d-apres.fr\/wp-content\/uploads\/2025\/12\/logo-1.png\",\"width\":1563,\"height\":1563,\"caption\":\"La Vie D&#039;Apr\u00e8s\"},\"image\":{\"@id\":\"https:\/\/la-vie-d-apres.fr\/#\/schema\/logo\/image\/\"}}]}<\/script>\n<!-- \/ Yoast SEO plugin. -->","yoast_head_json":{"title":"Cr\u00e9oles fines OR - La Vie D&#039;Apr\u00e8s","description":"Boucles d\u2019oreilles rondes en acier inox 316L dor\u00e9, diam\u00e8tre 25\u202fmm, l\u00e9g\u00e8res et hypoallerg\u00e9niques. Sans plomb, sans cadmium et sans nickel lib\u00e9r\u00e9, parfaites pour un port confortable et \u00e9l\u00e9gant au quotidien.","robots":{"index":"index","follow":"follow","max-snippet":"max-snippet:-1","max-image-preview":"max-image-preview:large","max-video-preview":"max-video-preview:-1"},"canonical":"https:\/\/la-vie-d-apres.fr\/index.php\/product\/creoles-fines-or\/","og_locale":"fr_FR","og_type":"article","og_title":"Cr\u00e9oles fines OR - La Vie D&#039;Apr\u00e8s","og_description":"Boucles d\u2019oreilles rondes en acier inox 316L dor\u00e9, diam\u00e8tre 25\u202fmm, l\u00e9g\u00e8res et hypoallerg\u00e9niques. Sans plomb, sans cadmium et sans nickel lib\u00e9r\u00e9, parfaites pour un port confortable et \u00e9l\u00e9gant au quotidien.","og_url":"https:\/\/la-vie-d-apres.fr\/index.php\/product\/creoles-fines-or\/","og_site_name":"La Vie D&#039;Apr\u00e8s","article_modified_time":"2025-12-15T13:45:17+00:00","og_image":[{"width":500,"height":500,"url":"https:\/\/la-vie-d-apres.fr\/wp-content\/uploads\/2025\/12\/im-creoles-fines-a-decorer-25-mm-acier-inoxydable-316l-dore-x20-1.webp","type":"image\/webp"}],"twitter_card":"summary_large_image","twitter_misc":{"Dur\u00e9e de lecture estim\u00e9e":"1 minute"},"schema":{"@context":"https:\/\/schema.org","@graph":[{"@type":"WebPage","@id":"https:\/\/la-vie-d-apres.fr\/index.php\/product\/creoles-fines-or\/","url":"https:\/\/la-vie-d-apres.fr\/index.php\/product\/creoles-fines-or\/","name":"Cr\u00e9oles fines OR - La Vie D&#039;Apr\u00e8s","isPartOf":{"@id":"https:\/\/la-vie-d-apres.fr\/#website"},"primaryImageOfPage":{"@id":"https:\/\/la-vie-d-apres.fr\/index.php\/product\/creoles-fines-or\/#primaryimage"},"image":{"@id":"https:\/\/la-vie-d-apres.fr\/index.php\/product\/creoles-fines-or\/#primaryimage"},"thumbnailUrl":"https:\/\/la-vie-d-apres.fr\/wp-content\/uploads\/2025\/12\/im-creoles-fines-a-decorer-25-mm-acier-inoxydable-316l-dore-x20-1.webp","datePublished":"2025-12-14T14:49:51+00:00","dateModified":"2025-12-15T13:45:17+00:00","description":"Boucles d\u2019oreilles rondes en acier inox 316L dor\u00e9, diam\u00e8tre 25\u202fmm, l\u00e9g\u00e8res et hypoallerg\u00e9niques. Sans plomb, sans cadmium et sans nickel lib\u00e9r\u00e9, parfaites pour un port confortable et \u00e9l\u00e9gant au quotidien.","breadcrumb":{"@id":"https:\/\/la-vie-d-apres.fr\/index.php\/product\/creoles-fines-or\/#breadcrumb"},"inLanguage":"fr-FR","potentialAction":[{"@type":"ReadAction","target":["https:\/\/la-vie-d-apres.fr\/index.php\/product\/creoles-fines-or\/"]}]},{"@type":"ImageObject","inLanguage":"fr-FR","@id":"https:\/\/la-vie-d-apres.fr\/index.php\/product\/creoles-fines-or\/#primaryimage","url":"https:\/\/la-vie-d-apres.fr\/wp-content\/uploads\/2025\/12\/im-creoles-fines-a-decorer-25-mm-acier-inoxydable-316l-dore-x20-1.webp","contentUrl":"https:\/\/la-vie-d-apres.fr\/wp-content\/uploads\/2025\/12\/im-creoles-fines-a-decorer-25-mm-acier-inoxydable-316l-dore-x20-1.webp","width":500,"height":500},{"@type":"BreadcrumbList","@id":"https:\/\/la-vie-d-apres.fr\/index.php\/product\/creoles-fines-or\/#breadcrumb","itemListElement":[{"@type":"ListItem","position":1,"name":"Accueil","item":"https:\/\/la-vie-d-apres.fr\/"},{"@type":"ListItem","position":2,"name":"Shop","item":"https:\/\/la-vie-d-apres.fr\/index.php\/shop\/"},{"@type":"ListItem","position":3,"name":"Cr\u00e9oles fines OR"}]},{"@type":"WebSite","@id":"https:\/\/la-vie-d-apres.fr\/#website","url":"https:\/\/la-vie-d-apres.fr\/","name":"La Vie D&#039;Apr\u00e8s","description":"Trucs et astuces oubli\u00e9es dont il faut se rappeler","publisher":{"@id":"https:\/\/la-vie-d-apres.fr\/#organization"},"potentialAction":[{"@type":"SearchAction","target":{"@type":"EntryPoint","urlTemplate":"https:\/\/la-vie-d-apres.fr\/?s={search_term_string}"},"query-input":{"@type":"PropertyValueSpecification","valueRequired":true,"valueName":"search_term_string"}}],"inLanguage":"fr-FR"},{"@type":"Organization","@id":"https:\/\/la-vie-d-apres.fr\/#organization","name":"La Vie D&#039;Apr\u00e8s","url":"https:\/\/la-vie-d-apres.fr\/","logo":{"@type":"ImageObject","inLanguage":"fr-FR","@id":"https:\/\/la-vie-d-apres.fr\/#\/schema\/logo\/image\/","url":"https:\/\/la-vie-d-apres.fr\/wp-content\/uploads\/2025\/12\/logo-1.png","contentUrl":"https:\/\/la-vie-d-apres.fr\/wp-content\/uploads\/2025\/12\/logo-1.png","width":1563,"height":1563,"caption":"La Vie D&#039;Apr\u00e8s"},"image":{"@id":"https:\/\/la-vie-d-apres.fr\/#\/schema\/logo\/image\/"}}]}},"jetpack_sharing_enabled":true,"_links":{"self":[{"href":"https:\/\/la-vie-d-apres.fr\/index.php\/wp-json\/wp\/v2\/product\/478","targetHints":{"allow":["GET"]}}],"collection":[{"href":"https:\/\/la-vie-d-apres.fr\/index.php\/wp-json\/wp\/v2\/product"}],"about":[{"href":"https:\/\/la-vie-d-apres.fr\/index.php\/wp-json\/wp\/v2\/types\/product"}],"replies":[{"embeddable":true,"href":"https:\/\/la-vie-d-apres.fr\/index.php\/wp-json\/wp\/v2\/comments?post=478"}],"wp:featuredmedia":[{"embeddable":true,"href":"https:\/\/la-vie-d-apres.fr\/index.php\/wp-json\/wp\/v2\/media\/475"}],"wp:attachment":[{"href":"https:\/\/la-vie-d-apres.fr\/index.php\/wp-json\/wp\/v2\/media?parent=478"}],"wp:term":[{"taxonomy":"product_brand","embeddable":true,"href":"https:\/\/la-vie-d-apres.fr\/index.php\/wp-json\/wp\/v2\/product_brand?post=478"},{"taxonomy":"product_cat","embeddable":true,"href":"https:\/\/la-vie-d-apres.fr\/index.php\/wp-json\/wp\/v2\/product_cat?post=478"},{"taxonomy":"product_tag","embeddable":true,"href":"https:\/\/la-vie-d-apres.fr\/index.php\/wp-json\/wp\/v2\/product_tag?post=478"}],"curies":[{"name":"wp","href":"https:\/\/api.w.org\/{rel}","templated":true}]}}