{"id":479,"date":"2025-12-14T14:50:02","date_gmt":"2025-12-14T14:50:02","guid":{"rendered":"https:\/\/xnlaviu.cluster121.hosting.ovh.net\/?post_type=product&#038;p=479"},"modified":"2025-12-15T18:28:39","modified_gmt":"2025-12-15T18:28:39","slug":"creoles-epaisses-or","status":"publish","type":"product","link":"https:\/\/la-vie-d-apres.fr\/index.php\/product\/creoles-epaisses-or\/","title":{"rendered":"Cr\u00e9oles \u00e9paisses OR"},"content":{"rendered":"<h3 data-start=\"102\" data-end=\"133\">Caract\u00e9ristiques du produit<\/h3>\n<ul data-start=\"135\" data-end=\"600\">\n<li data-start=\"135\" data-end=\"167\">\n<p data-start=\"137\" data-end=\"167\"><strong data-start=\"137\" data-end=\"156\">Diam\u00e8tre du fil<\/strong> : 2,5 mm<\/p>\n<\/li>\n<li data-start=\"168\" data-end=\"205\">\n<p data-start=\"170\" data-end=\"205\"><strong data-start=\"170\" data-end=\"195\">Diam\u00e8tre de la boucle<\/strong> : 19 mm<\/p>\n<\/li>\n<li data-start=\"206\" data-end=\"237\">\n<p data-start=\"208\" data-end=\"237\"><strong data-start=\"208\" data-end=\"226\">Poids unitaire<\/strong> : 1,70 g<\/p>\n<\/li>\n<li data-start=\"238\" data-end=\"272\">\n<p data-start=\"240\" data-end=\"272\"><strong data-start=\"240\" data-end=\"251\">Mati\u00e8re<\/strong> : Acier inoxydable<\/p>\n<\/li>\n<li data-start=\"273\" data-end=\"344\">\n<p data-start=\"275\" data-end=\"344\"><strong data-start=\"275\" data-end=\"302\">Galvanisation \/ Placage<\/strong> : Placage PVD, Dor\u00e9 &#8211; Or 18K &#8211; 750\/1000<\/p>\n<\/li>\n<li data-start=\"345\" data-end=\"365\">\n<p data-start=\"347\" data-end=\"365\"><strong data-start=\"347\" data-end=\"356\">Forme<\/strong> : Rond<\/p>\n<\/li>\n<li data-start=\"366\" data-end=\"389\">\n<p data-start=\"368\" data-end=\"389\"><strong data-start=\"368\" data-end=\"379\">Origine<\/strong> : Chine<\/p>\n<\/li>\n<li data-start=\"390\" data-end=\"428\">\n<p data-start=\"392\" data-end=\"428\"><strong data-start=\"392\" data-end=\"408\">Type d\u2019acier<\/strong> : Acier inox 304L<\/p>\n<\/li>\n<li data-start=\"429\" data-end=\"546\">\n<p data-start=\"431\" data-end=\"464\"><strong data-start=\"431\" data-end=\"460\">Certifications &amp; s\u00e9curit\u00e9<\/strong> :<\/p>\n<ul data-start=\"467\" data-end=\"546\">\n<li data-start=\"467\" data-end=\"485\">\n<p data-start=\"469\" data-end=\"485\">Conforme REACH<\/p>\n<\/li>\n<li data-start=\"488\" data-end=\"502\">\n<p data-start=\"490\" data-end=\"502\">Sans plomb<\/p>\n<\/li>\n<li data-start=\"505\" data-end=\"521\">\n<p data-start=\"507\" data-end=\"521\">Sans cadmium<\/p>\n<\/li>\n<li data-start=\"524\" data-end=\"546\">\n<p data-start=\"526\" data-end=\"546\">Sans nickel lib\u00e9r\u00e9<\/p>\n<\/li>\n<\/ul>\n<\/li>\n<\/ul>\n","protected":false},"excerpt":{"rendered":"<p>Boucles d\u2019oreilles rondes en acier inox 304L dor\u00e9, diam\u00e8tre 19\u202fmm, vendues par lot. L\u00e9g\u00e8res, hypoallerg\u00e9niques et certifi\u00e9es REACH, sans plomb, cadmium ni nickel lib\u00e9r\u00e9, pour un port s\u00fbr et \u00e9l\u00e9gant.<\/p>\n","protected":false},"featured_media":480,"comment_status":"open","ping_status":"closed","template":"","meta":[],"product_brand":[],"product_cat":[25,23],"product_tag":[],"class_list":{"0":"post-479","1":"product","2":"type-product","3":"status-publish","4":"has-post-thumbnail","6":"product_cat-collection-ete","7":"product_cat-montures-printemps","9":"first","10":"instock","11":"shipping-taxable","12":"purchasable","13":"product-type-simple"},"yoast_head":"<!-- This site is optimized with the Yoast SEO plugin v26.5 - https:\/\/yoast.com\/wordpress\/plugins\/seo\/ -->\n<title>Cr\u00e9oles \u00e9paisses OR - La Vie D&#039;Apr\u00e8s<\/title>\n<meta name=\"description\" content=\"Boucles d\u2019oreilles rondes en acier inox 304L dor\u00e9, diam\u00e8tre 19\u202fmm, vendues par lot. L\u00e9g\u00e8res, hypoallerg\u00e9niques et certifi\u00e9es REACH, sans plomb, cadmium ni nickel lib\u00e9r\u00e9, pour un port s\u00fbr et \u00e9l\u00e9gant.\" \/>\n<meta name=\"robots\" content=\"index, follow, max-snippet:-1, max-image-preview:large, max-video-preview:-1\" \/>\n<link rel=\"canonical\" href=\"https:\/\/la-vie-d-apres.fr\/index.php\/product\/creoles-epaisses-or\/\" \/>\n<meta property=\"og:locale\" content=\"fr_FR\" \/>\n<meta property=\"og:type\" content=\"article\" \/>\n<meta property=\"og:title\" content=\"Cr\u00e9oles \u00e9paisses OR - La Vie D&#039;Apr\u00e8s\" \/>\n<meta property=\"og:description\" content=\"Boucles d\u2019oreilles rondes en acier inox 304L dor\u00e9, diam\u00e8tre 19\u202fmm, vendues par lot. L\u00e9g\u00e8res, hypoallerg\u00e9niques et certifi\u00e9es REACH, sans plomb, cadmium ni nickel lib\u00e9r\u00e9, pour un port s\u00fbr et \u00e9l\u00e9gant.\" \/>\n<meta property=\"og:url\" content=\"https:\/\/la-vie-d-apres.fr\/index.php\/product\/creoles-epaisses-or\/\" \/>\n<meta property=\"og:site_name\" content=\"La Vie D&#039;Apr\u00e8s\" \/>\n<meta property=\"article:modified_time\" content=\"2025-12-15T18:28:39+00:00\" \/>\n<meta property=\"og:image\" content=\"https:\/\/la-vie-d-apres.fr\/wp-content\/uploads\/2025\/12\/im-creoles-rondes-19-mm-fil-2.5-mm-acier-inoxydable-304l-dore-x20.webp\" \/>\n\t<meta property=\"og:image:width\" content=\"500\" \/>\n\t<meta property=\"og:image:height\" content=\"500\" \/>\n\t<meta property=\"og:image:type\" content=\"image\/webp\" \/>\n<meta name=\"twitter:card\" content=\"summary_large_image\" \/>\n<meta name=\"twitter:label1\" content=\"Dur\u00e9e de lecture estim\u00e9e\" \/>\n\t<meta name=\"twitter:data1\" content=\"1 minute\" \/>\n<script type=\"application\/ld+json\" class=\"yoast-schema-graph\">{\"@context\":\"https:\/\/schema.org\",\"@graph\":[{\"@type\":\"WebPage\",\"@id\":\"https:\/\/la-vie-d-apres.fr\/index.php\/product\/creoles-epaisses-or\/\",\"url\":\"https:\/\/la-vie-d-apres.fr\/index.php\/product\/creoles-epaisses-or\/\",\"name\":\"Cr\u00e9oles \u00e9paisses OR - La Vie D&#039;Apr\u00e8s\",\"isPartOf\":{\"@id\":\"https:\/\/la-vie-d-apres.fr\/#website\"},\"primaryImageOfPage\":{\"@id\":\"https:\/\/la-vie-d-apres.fr\/index.php\/product\/creoles-epaisses-or\/#primaryimage\"},\"image\":{\"@id\":\"https:\/\/la-vie-d-apres.fr\/index.php\/product\/creoles-epaisses-or\/#primaryimage\"},\"thumbnailUrl\":\"https:\/\/la-vie-d-apres.fr\/wp-content\/uploads\/2025\/12\/im-creoles-rondes-19-mm-fil-2.5-mm-acier-inoxydable-304l-dore-x20.webp\",\"datePublished\":\"2025-12-14T14:50:02+00:00\",\"dateModified\":\"2025-12-15T18:28:39+00:00\",\"description\":\"Boucles d\u2019oreilles rondes en acier inox 304L dor\u00e9, diam\u00e8tre 19\u202fmm, vendues par lot. L\u00e9g\u00e8res, hypoallerg\u00e9niques et certifi\u00e9es REACH, sans plomb, cadmium ni nickel lib\u00e9r\u00e9, pour un port s\u00fbr et \u00e9l\u00e9gant.\",\"breadcrumb\":{\"@id\":\"https:\/\/la-vie-d-apres.fr\/index.php\/product\/creoles-epaisses-or\/#breadcrumb\"},\"inLanguage\":\"fr-FR\",\"potentialAction\":[{\"@type\":\"ReadAction\",\"target\":[\"https:\/\/la-vie-d-apres.fr\/index.php\/product\/creoles-epaisses-or\/\"]}]},{\"@type\":\"ImageObject\",\"inLanguage\":\"fr-FR\",\"@id\":\"https:\/\/la-vie-d-apres.fr\/index.php\/product\/creoles-epaisses-or\/#primaryimage\",\"url\":\"https:\/\/la-vie-d-apres.fr\/wp-content\/uploads\/2025\/12\/im-creoles-rondes-19-mm-fil-2.5-mm-acier-inoxydable-304l-dore-x20.webp\",\"contentUrl\":\"https:\/\/la-vie-d-apres.fr\/wp-content\/uploads\/2025\/12\/im-creoles-rondes-19-mm-fil-2.5-mm-acier-inoxydable-304l-dore-x20.webp\",\"width\":500,\"height\":500},{\"@type\":\"BreadcrumbList\",\"@id\":\"https:\/\/la-vie-d-apres.fr\/index.php\/product\/creoles-epaisses-or\/#breadcrumb\",\"itemListElement\":[{\"@type\":\"ListItem\",\"position\":1,\"name\":\"Accueil\",\"item\":\"https:\/\/la-vie-d-apres.fr\/\"},{\"@type\":\"ListItem\",\"position\":2,\"name\":\"Shop\",\"item\":\"https:\/\/la-vie-d-apres.fr\/index.php\/shop\/\"},{\"@type\":\"ListItem\",\"position\":3,\"name\":\"Cr\u00e9oles \u00e9paisses OR\"}]},{\"@type\":\"WebSite\",\"@id\":\"https:\/\/la-vie-d-apres.fr\/#website\",\"url\":\"https:\/\/la-vie-d-apres.fr\/\",\"name\":\"La Vie D&#039;Apr\u00e8s\",\"description\":\"Trucs et astuces oubli\u00e9es dont il faut se rappeler\",\"publisher\":{\"@id\":\"https:\/\/la-vie-d-apres.fr\/#organization\"},\"potentialAction\":[{\"@type\":\"SearchAction\",\"target\":{\"@type\":\"EntryPoint\",\"urlTemplate\":\"https:\/\/la-vie-d-apres.fr\/?s={search_term_string}\"},\"query-input\":{\"@type\":\"PropertyValueSpecification\",\"valueRequired\":true,\"valueName\":\"search_term_string\"}}],\"inLanguage\":\"fr-FR\"},{\"@type\":\"Organization\",\"@id\":\"https:\/\/la-vie-d-apres.fr\/#organization\",\"name\":\"La Vie D&#039;Apr\u00e8s\",\"url\":\"https:\/\/la-vie-d-apres.fr\/\",\"logo\":{\"@type\":\"ImageObject\",\"inLanguage\":\"fr-FR\",\"@id\":\"https:\/\/la-vie-d-apres.fr\/#\/schema\/logo\/image\/\",\"url\":\"https:\/\/la-vie-d-apres.fr\/wp-content\/uploads\/2025\/12\/logo-1.png\",\"contentUrl\":\"https:\/\/la-vie-d-apres.fr\/wp-content\/uploads\/2025\/12\/logo-1.png\",\"width\":1563,\"height\":1563,\"caption\":\"La Vie D&#039;Apr\u00e8s\"},\"image\":{\"@id\":\"https:\/\/la-vie-d-apres.fr\/#\/schema\/logo\/image\/\"}}]}<\/script>\n<!-- \/ Yoast SEO plugin. -->","yoast_head_json":{"title":"Cr\u00e9oles \u00e9paisses OR - La Vie D&#039;Apr\u00e8s","description":"Boucles d\u2019oreilles rondes en acier inox 304L dor\u00e9, diam\u00e8tre 19\u202fmm, vendues par lot. L\u00e9g\u00e8res, hypoallerg\u00e9niques et certifi\u00e9es REACH, sans plomb, cadmium ni nickel lib\u00e9r\u00e9, pour un port s\u00fbr et \u00e9l\u00e9gant.","robots":{"index":"index","follow":"follow","max-snippet":"max-snippet:-1","max-image-preview":"max-image-preview:large","max-video-preview":"max-video-preview:-1"},"canonical":"https:\/\/la-vie-d-apres.fr\/index.php\/product\/creoles-epaisses-or\/","og_locale":"fr_FR","og_type":"article","og_title":"Cr\u00e9oles \u00e9paisses OR - La Vie D&#039;Apr\u00e8s","og_description":"Boucles d\u2019oreilles rondes en acier inox 304L dor\u00e9, diam\u00e8tre 19\u202fmm, vendues par lot. L\u00e9g\u00e8res, hypoallerg\u00e9niques et certifi\u00e9es REACH, sans plomb, cadmium ni nickel lib\u00e9r\u00e9, pour un port s\u00fbr et \u00e9l\u00e9gant.","og_url":"https:\/\/la-vie-d-apres.fr\/index.php\/product\/creoles-epaisses-or\/","og_site_name":"La Vie D&#039;Apr\u00e8s","article_modified_time":"2025-12-15T18:28:39+00:00","og_image":[{"width":500,"height":500,"url":"https:\/\/la-vie-d-apres.fr\/wp-content\/uploads\/2025\/12\/im-creoles-rondes-19-mm-fil-2.5-mm-acier-inoxydable-304l-dore-x20.webp","type":"image\/webp"}],"twitter_card":"summary_large_image","twitter_misc":{"Dur\u00e9e de lecture estim\u00e9e":"1 minute"},"schema":{"@context":"https:\/\/schema.org","@graph":[{"@type":"WebPage","@id":"https:\/\/la-vie-d-apres.fr\/index.php\/product\/creoles-epaisses-or\/","url":"https:\/\/la-vie-d-apres.fr\/index.php\/product\/creoles-epaisses-or\/","name":"Cr\u00e9oles \u00e9paisses OR - La Vie D&#039;Apr\u00e8s","isPartOf":{"@id":"https:\/\/la-vie-d-apres.fr\/#website"},"primaryImageOfPage":{"@id":"https:\/\/la-vie-d-apres.fr\/index.php\/product\/creoles-epaisses-or\/#primaryimage"},"image":{"@id":"https:\/\/la-vie-d-apres.fr\/index.php\/product\/creoles-epaisses-or\/#primaryimage"},"thumbnailUrl":"https:\/\/la-vie-d-apres.fr\/wp-content\/uploads\/2025\/12\/im-creoles-rondes-19-mm-fil-2.5-mm-acier-inoxydable-304l-dore-x20.webp","datePublished":"2025-12-14T14:50:02+00:00","dateModified":"2025-12-15T18:28:39+00:00","description":"Boucles d\u2019oreilles rondes en acier inox 304L dor\u00e9, diam\u00e8tre 19\u202fmm, vendues par lot. L\u00e9g\u00e8res, hypoallerg\u00e9niques et certifi\u00e9es REACH, sans plomb, cadmium ni nickel lib\u00e9r\u00e9, pour un port s\u00fbr et \u00e9l\u00e9gant.","breadcrumb":{"@id":"https:\/\/la-vie-d-apres.fr\/index.php\/product\/creoles-epaisses-or\/#breadcrumb"},"inLanguage":"fr-FR","potentialAction":[{"@type":"ReadAction","target":["https:\/\/la-vie-d-apres.fr\/index.php\/product\/creoles-epaisses-or\/"]}]},{"@type":"ImageObject","inLanguage":"fr-FR","@id":"https:\/\/la-vie-d-apres.fr\/index.php\/product\/creoles-epaisses-or\/#primaryimage","url":"https:\/\/la-vie-d-apres.fr\/wp-content\/uploads\/2025\/12\/im-creoles-rondes-19-mm-fil-2.5-mm-acier-inoxydable-304l-dore-x20.webp","contentUrl":"https:\/\/la-vie-d-apres.fr\/wp-content\/uploads\/2025\/12\/im-creoles-rondes-19-mm-fil-2.5-mm-acier-inoxydable-304l-dore-x20.webp","width":500,"height":500},{"@type":"BreadcrumbList","@id":"https:\/\/la-vie-d-apres.fr\/index.php\/product\/creoles-epaisses-or\/#breadcrumb","itemListElement":[{"@type":"ListItem","position":1,"name":"Accueil","item":"https:\/\/la-vie-d-apres.fr\/"},{"@type":"ListItem","position":2,"name":"Shop","item":"https:\/\/la-vie-d-apres.fr\/index.php\/shop\/"},{"@type":"ListItem","position":3,"name":"Cr\u00e9oles \u00e9paisses OR"}]},{"@type":"WebSite","@id":"https:\/\/la-vie-d-apres.fr\/#website","url":"https:\/\/la-vie-d-apres.fr\/","name":"La Vie D&#039;Apr\u00e8s","description":"Trucs et astuces oubli\u00e9es dont il faut se rappeler","publisher":{"@id":"https:\/\/la-vie-d-apres.fr\/#organization"},"potentialAction":[{"@type":"SearchAction","target":{"@type":"EntryPoint","urlTemplate":"https:\/\/la-vie-d-apres.fr\/?s={search_term_string}"},"query-input":{"@type":"PropertyValueSpecification","valueRequired":true,"valueName":"search_term_string"}}],"inLanguage":"fr-FR"},{"@type":"Organization","@id":"https:\/\/la-vie-d-apres.fr\/#organization","name":"La Vie D&#039;Apr\u00e8s","url":"https:\/\/la-vie-d-apres.fr\/","logo":{"@type":"ImageObject","inLanguage":"fr-FR","@id":"https:\/\/la-vie-d-apres.fr\/#\/schema\/logo\/image\/","url":"https:\/\/la-vie-d-apres.fr\/wp-content\/uploads\/2025\/12\/logo-1.png","contentUrl":"https:\/\/la-vie-d-apres.fr\/wp-content\/uploads\/2025\/12\/logo-1.png","width":1563,"height":1563,"caption":"La Vie D&#039;Apr\u00e8s"},"image":{"@id":"https:\/\/la-vie-d-apres.fr\/#\/schema\/logo\/image\/"}}]}},"jetpack_sharing_enabled":true,"_links":{"self":[{"href":"https:\/\/la-vie-d-apres.fr\/index.php\/wp-json\/wp\/v2\/product\/479","targetHints":{"allow":["GET"]}}],"collection":[{"href":"https:\/\/la-vie-d-apres.fr\/index.php\/wp-json\/wp\/v2\/product"}],"about":[{"href":"https:\/\/la-vie-d-apres.fr\/index.php\/wp-json\/wp\/v2\/types\/product"}],"replies":[{"embeddable":true,"href":"https:\/\/la-vie-d-apres.fr\/index.php\/wp-json\/wp\/v2\/comments?post=479"}],"wp:featuredmedia":[{"embeddable":true,"href":"https:\/\/la-vie-d-apres.fr\/index.php\/wp-json\/wp\/v2\/media\/480"}],"wp:attachment":[{"href":"https:\/\/la-vie-d-apres.fr\/index.php\/wp-json\/wp\/v2\/media?parent=479"}],"wp:term":[{"taxonomy":"product_brand","embeddable":true,"href":"https:\/\/la-vie-d-apres.fr\/index.php\/wp-json\/wp\/v2\/product_brand?post=479"},{"taxonomy":"product_cat","embeddable":true,"href":"https:\/\/la-vie-d-apres.fr\/index.php\/wp-json\/wp\/v2\/product_cat?post=479"},{"taxonomy":"product_tag","embeddable":true,"href":"https:\/\/la-vie-d-apres.fr\/index.php\/wp-json\/wp\/v2\/product_tag?post=479"}],"curies":[{"name":"wp","href":"https:\/\/api.w.org\/{rel}","templated":true}]}}