{"id":485,"date":"2025-12-14T14:48:44","date_gmt":"2025-12-14T14:48:44","guid":{"rendered":"https:\/\/xnlaviu.cluster121.hosting.ovh.net\/?post_type=product&#038;p=485"},"modified":"2025-12-15T13:46:07","modified_gmt":"2025-12-15T13:46:07","slug":"petits-coeurs-orange","status":"publish","type":"product","link":"https:\/\/la-vie-d-apres.fr\/index.php\/product\/petits-coeurs-orange\/","title":{"rendered":"Petits Coeurs &#8211; ORANGE"},"content":{"rendered":"<p data-start=\"113\" data-end=\"289\">Pendentifs <strong data-start=\"124\" data-end=\"139\">Petits C\u0153ur<\/strong> (vendus par paire) en p\u00e2te Fimo, couleur <strong data-start=\"181\" data-end=\"191\">orange<\/strong>, enti\u00e8rement <strong data-start=\"205\" data-end=\"219\">faits main<\/strong>. Chaque pendentif est verni pour une finition brillante et durable.<\/p>\n<ul data-start=\"291\" data-end=\"429\">\n<li data-start=\"291\" data-end=\"316\">\n<p data-start=\"293\" data-end=\"316\"><strong data-start=\"293\" data-end=\"305\">Diam\u00e8tre<\/strong> : 1,5 cm<\/p>\n<\/li>\n<li data-start=\"317\" data-end=\"344\">\n<p data-start=\"319\" data-end=\"344\"><strong data-start=\"319\" data-end=\"335\">Trou central<\/strong> : 3 mm<\/p>\n<\/li>\n<li data-start=\"345\" data-end=\"386\">\n<p data-start=\"347\" data-end=\"386\"><strong data-start=\"347\" data-end=\"358\">Mati\u00e8re<\/strong> : P\u00e2te Fimo + vernis Fimo<\/p>\n<\/li>\n<li data-start=\"387\" data-end=\"429\">\n<p data-start=\"389\" data-end=\"429\"><strong data-start=\"389\" data-end=\"416\">Fait main par l\u2019artisan<\/strong> : Florence<\/p>\n<\/li>\n<\/ul>\n<p data-start=\"431\" data-end=\"602\">Parfaits pour cr\u00e9er des boucles d\u2019oreilles uniques ou d\u2019autres cr\u00e9ations personnalis\u00e9es. Leur couleur orange apporte <strong data-start=\"548\" data-end=\"581\">\u00e9nergie, gaiet\u00e9 et cr\u00e9ativit\u00e9<\/strong> \u00e0 vos accessoires.<\/p>\n","protected":false},"excerpt":{"rendered":"<p>Paire de pendentifs Petits C\u0153urs en p\u00e2te Fimo orange, 1,5\u202fcm de diam\u00e8tre avec trou de 3\u202fmm, vernis et faits main. Id\u00e9al pour cr\u00e9er des boucles d\u2019oreilles uniques et color\u00e9es.<\/p>\n","protected":false},"featured_media":489,"comment_status":"open","ping_status":"closed","template":"","meta":[],"product_brand":[],"product_cat":[24],"product_tag":[],"class_list":{"0":"post-485","1":"product","2":"type-product","3":"status-publish","4":"has-post-thumbnail","6":"product_cat-pendentifs-printemps-pour-composer","8":"first","9":"outofstock","10":"shipping-taxable","11":"purchasable","12":"product-type-simple"},"yoast_head":"<!-- This site is optimized with the Yoast SEO plugin v26.5 - https:\/\/yoast.com\/wordpress\/plugins\/seo\/ -->\n<title>Petits Coeurs - ORANGE - La Vie D&#039;Apr\u00e8s<\/title>\n<meta name=\"description\" content=\"Paire de pendentifs Petits C\u0153urs en p\u00e2te Fimo orange, 1,5\u202fcm de diam\u00e8tre avec trou de 3\u202fmm, vernis et faits main. Id\u00e9al pour cr\u00e9er des boucles d\u2019oreilles uniques et color\u00e9es.\" \/>\n<meta name=\"robots\" content=\"index, follow, max-snippet:-1, max-image-preview:large, max-video-preview:-1\" \/>\n<link rel=\"canonical\" href=\"https:\/\/la-vie-d-apres.fr\/index.php\/product\/petits-coeurs-orange\/\" \/>\n<meta property=\"og:locale\" content=\"fr_FR\" \/>\n<meta property=\"og:type\" content=\"article\" \/>\n<meta property=\"og:title\" content=\"Petits Coeurs - ORANGE - La Vie D&#039;Apr\u00e8s\" \/>\n<meta property=\"og:description\" content=\"Paire de pendentifs Petits C\u0153urs en p\u00e2te Fimo orange, 1,5\u202fcm de diam\u00e8tre avec trou de 3\u202fmm, vernis et faits main. Id\u00e9al pour cr\u00e9er des boucles d\u2019oreilles uniques et color\u00e9es.\" \/>\n<meta property=\"og:url\" content=\"https:\/\/la-vie-d-apres.fr\/index.php\/product\/petits-coeurs-orange\/\" \/>\n<meta property=\"og:site_name\" content=\"La Vie D&#039;Apr\u00e8s\" \/>\n<meta property=\"article:modified_time\" content=\"2025-12-15T13:46:07+00:00\" \/>\n<meta property=\"og:image\" content=\"https:\/\/la-vie-d-apres.fr\/wp-content\/uploads\/2025\/12\/Orange-Or-2-1024x1024.png\" \/>\n\t<meta property=\"og:image:width\" content=\"1024\" \/>\n\t<meta property=\"og:image:height\" content=\"1024\" \/>\n\t<meta property=\"og:image:type\" content=\"image\/png\" \/>\n<meta name=\"twitter:card\" content=\"summary_large_image\" \/>\n<meta name=\"twitter:label1\" content=\"Dur\u00e9e de lecture estim\u00e9e\" \/>\n\t<meta name=\"twitter:data1\" content=\"1 minute\" \/>\n<script type=\"application\/ld+json\" class=\"yoast-schema-graph\">{\"@context\":\"https:\/\/schema.org\",\"@graph\":[{\"@type\":\"WebPage\",\"@id\":\"https:\/\/la-vie-d-apres.fr\/index.php\/product\/petits-coeurs-orange\/\",\"url\":\"https:\/\/la-vie-d-apres.fr\/index.php\/product\/petits-coeurs-orange\/\",\"name\":\"Petits Coeurs - ORANGE - La Vie D&#039;Apr\u00e8s\",\"isPartOf\":{\"@id\":\"https:\/\/la-vie-d-apres.fr\/#website\"},\"primaryImageOfPage\":{\"@id\":\"https:\/\/la-vie-d-apres.fr\/index.php\/product\/petits-coeurs-orange\/#primaryimage\"},\"image\":{\"@id\":\"https:\/\/la-vie-d-apres.fr\/index.php\/product\/petits-coeurs-orange\/#primaryimage\"},\"thumbnailUrl\":\"https:\/\/la-vie-d-apres.fr\/wp-content\/uploads\/2025\/12\/Orange-Or-2.png\",\"datePublished\":\"2025-12-14T14:48:44+00:00\",\"dateModified\":\"2025-12-15T13:46:07+00:00\",\"description\":\"Paire de pendentifs Petits C\u0153urs en p\u00e2te Fimo orange, 1,5\u202fcm de diam\u00e8tre avec trou de 3\u202fmm, vernis et faits main. Id\u00e9al pour cr\u00e9er des boucles d\u2019oreilles uniques et color\u00e9es.\",\"breadcrumb\":{\"@id\":\"https:\/\/la-vie-d-apres.fr\/index.php\/product\/petits-coeurs-orange\/#breadcrumb\"},\"inLanguage\":\"fr-FR\",\"potentialAction\":[{\"@type\":\"ReadAction\",\"target\":[\"https:\/\/la-vie-d-apres.fr\/index.php\/product\/petits-coeurs-orange\/\"]}]},{\"@type\":\"ImageObject\",\"inLanguage\":\"fr-FR\",\"@id\":\"https:\/\/la-vie-d-apres.fr\/index.php\/product\/petits-coeurs-orange\/#primaryimage\",\"url\":\"https:\/\/la-vie-d-apres.fr\/wp-content\/uploads\/2025\/12\/Orange-Or-2.png\",\"contentUrl\":\"https:\/\/la-vie-d-apres.fr\/wp-content\/uploads\/2025\/12\/Orange-Or-2.png\",\"width\":1563,\"height\":1563},{\"@type\":\"BreadcrumbList\",\"@id\":\"https:\/\/la-vie-d-apres.fr\/index.php\/product\/petits-coeurs-orange\/#breadcrumb\",\"itemListElement\":[{\"@type\":\"ListItem\",\"position\":1,\"name\":\"Accueil\",\"item\":\"https:\/\/la-vie-d-apres.fr\/\"},{\"@type\":\"ListItem\",\"position\":2,\"name\":\"Shop\",\"item\":\"https:\/\/la-vie-d-apres.fr\/index.php\/shop\/\"},{\"@type\":\"ListItem\",\"position\":3,\"name\":\"Petits Coeurs &#8211; ORANGE\"}]},{\"@type\":\"WebSite\",\"@id\":\"https:\/\/la-vie-d-apres.fr\/#website\",\"url\":\"https:\/\/la-vie-d-apres.fr\/\",\"name\":\"La Vie D&#039;Apr\u00e8s\",\"description\":\"Trucs et astuces oubli\u00e9es dont il faut se rappeler\",\"publisher\":{\"@id\":\"https:\/\/la-vie-d-apres.fr\/#organization\"},\"potentialAction\":[{\"@type\":\"SearchAction\",\"target\":{\"@type\":\"EntryPoint\",\"urlTemplate\":\"https:\/\/la-vie-d-apres.fr\/?s={search_term_string}\"},\"query-input\":{\"@type\":\"PropertyValueSpecification\",\"valueRequired\":true,\"valueName\":\"search_term_string\"}}],\"inLanguage\":\"fr-FR\"},{\"@type\":\"Organization\",\"@id\":\"https:\/\/la-vie-d-apres.fr\/#organization\",\"name\":\"La Vie D&#039;Apr\u00e8s\",\"url\":\"https:\/\/la-vie-d-apres.fr\/\",\"logo\":{\"@type\":\"ImageObject\",\"inLanguage\":\"fr-FR\",\"@id\":\"https:\/\/la-vie-d-apres.fr\/#\/schema\/logo\/image\/\",\"url\":\"https:\/\/la-vie-d-apres.fr\/wp-content\/uploads\/2025\/12\/logo-1.png\",\"contentUrl\":\"https:\/\/la-vie-d-apres.fr\/wp-content\/uploads\/2025\/12\/logo-1.png\",\"width\":1563,\"height\":1563,\"caption\":\"La Vie D&#039;Apr\u00e8s\"},\"image\":{\"@id\":\"https:\/\/la-vie-d-apres.fr\/#\/schema\/logo\/image\/\"}}]}<\/script>\n<!-- \/ Yoast SEO plugin. -->","yoast_head_json":{"title":"Petits Coeurs - ORANGE - La Vie D&#039;Apr\u00e8s","description":"Paire de pendentifs Petits C\u0153urs en p\u00e2te Fimo orange, 1,5\u202fcm de diam\u00e8tre avec trou de 3\u202fmm, vernis et faits main. Id\u00e9al pour cr\u00e9er des boucles d\u2019oreilles uniques et color\u00e9es.","robots":{"index":"index","follow":"follow","max-snippet":"max-snippet:-1","max-image-preview":"max-image-preview:large","max-video-preview":"max-video-preview:-1"},"canonical":"https:\/\/la-vie-d-apres.fr\/index.php\/product\/petits-coeurs-orange\/","og_locale":"fr_FR","og_type":"article","og_title":"Petits Coeurs - ORANGE - La Vie D&#039;Apr\u00e8s","og_description":"Paire de pendentifs Petits C\u0153urs en p\u00e2te Fimo orange, 1,5\u202fcm de diam\u00e8tre avec trou de 3\u202fmm, vernis et faits main. Id\u00e9al pour cr\u00e9er des boucles d\u2019oreilles uniques et color\u00e9es.","og_url":"https:\/\/la-vie-d-apres.fr\/index.php\/product\/petits-coeurs-orange\/","og_site_name":"La Vie D&#039;Apr\u00e8s","article_modified_time":"2025-12-15T13:46:07+00:00","og_image":[{"width":1024,"height":1024,"url":"https:\/\/la-vie-d-apres.fr\/wp-content\/uploads\/2025\/12\/Orange-Or-2-1024x1024.png","type":"image\/png"}],"twitter_card":"summary_large_image","twitter_misc":{"Dur\u00e9e de lecture estim\u00e9e":"1 minute"},"schema":{"@context":"https:\/\/schema.org","@graph":[{"@type":"WebPage","@id":"https:\/\/la-vie-d-apres.fr\/index.php\/product\/petits-coeurs-orange\/","url":"https:\/\/la-vie-d-apres.fr\/index.php\/product\/petits-coeurs-orange\/","name":"Petits Coeurs - ORANGE - La Vie D&#039;Apr\u00e8s","isPartOf":{"@id":"https:\/\/la-vie-d-apres.fr\/#website"},"primaryImageOfPage":{"@id":"https:\/\/la-vie-d-apres.fr\/index.php\/product\/petits-coeurs-orange\/#primaryimage"},"image":{"@id":"https:\/\/la-vie-d-apres.fr\/index.php\/product\/petits-coeurs-orange\/#primaryimage"},"thumbnailUrl":"https:\/\/la-vie-d-apres.fr\/wp-content\/uploads\/2025\/12\/Orange-Or-2.png","datePublished":"2025-12-14T14:48:44+00:00","dateModified":"2025-12-15T13:46:07+00:00","description":"Paire de pendentifs Petits C\u0153urs en p\u00e2te Fimo orange, 1,5\u202fcm de diam\u00e8tre avec trou de 3\u202fmm, vernis et faits main. Id\u00e9al pour cr\u00e9er des boucles d\u2019oreilles uniques et color\u00e9es.","breadcrumb":{"@id":"https:\/\/la-vie-d-apres.fr\/index.php\/product\/petits-coeurs-orange\/#breadcrumb"},"inLanguage":"fr-FR","potentialAction":[{"@type":"ReadAction","target":["https:\/\/la-vie-d-apres.fr\/index.php\/product\/petits-coeurs-orange\/"]}]},{"@type":"ImageObject","inLanguage":"fr-FR","@id":"https:\/\/la-vie-d-apres.fr\/index.php\/product\/petits-coeurs-orange\/#primaryimage","url":"https:\/\/la-vie-d-apres.fr\/wp-content\/uploads\/2025\/12\/Orange-Or-2.png","contentUrl":"https:\/\/la-vie-d-apres.fr\/wp-content\/uploads\/2025\/12\/Orange-Or-2.png","width":1563,"height":1563},{"@type":"BreadcrumbList","@id":"https:\/\/la-vie-d-apres.fr\/index.php\/product\/petits-coeurs-orange\/#breadcrumb","itemListElement":[{"@type":"ListItem","position":1,"name":"Accueil","item":"https:\/\/la-vie-d-apres.fr\/"},{"@type":"ListItem","position":2,"name":"Shop","item":"https:\/\/la-vie-d-apres.fr\/index.php\/shop\/"},{"@type":"ListItem","position":3,"name":"Petits Coeurs &#8211; ORANGE"}]},{"@type":"WebSite","@id":"https:\/\/la-vie-d-apres.fr\/#website","url":"https:\/\/la-vie-d-apres.fr\/","name":"La Vie D&#039;Apr\u00e8s","description":"Trucs et astuces oubli\u00e9es dont il faut se rappeler","publisher":{"@id":"https:\/\/la-vie-d-apres.fr\/#organization"},"potentialAction":[{"@type":"SearchAction","target":{"@type":"EntryPoint","urlTemplate":"https:\/\/la-vie-d-apres.fr\/?s={search_term_string}"},"query-input":{"@type":"PropertyValueSpecification","valueRequired":true,"valueName":"search_term_string"}}],"inLanguage":"fr-FR"},{"@type":"Organization","@id":"https:\/\/la-vie-d-apres.fr\/#organization","name":"La Vie D&#039;Apr\u00e8s","url":"https:\/\/la-vie-d-apres.fr\/","logo":{"@type":"ImageObject","inLanguage":"fr-FR","@id":"https:\/\/la-vie-d-apres.fr\/#\/schema\/logo\/image\/","url":"https:\/\/la-vie-d-apres.fr\/wp-content\/uploads\/2025\/12\/logo-1.png","contentUrl":"https:\/\/la-vie-d-apres.fr\/wp-content\/uploads\/2025\/12\/logo-1.png","width":1563,"height":1563,"caption":"La Vie D&#039;Apr\u00e8s"},"image":{"@id":"https:\/\/la-vie-d-apres.fr\/#\/schema\/logo\/image\/"}}]}},"jetpack_sharing_enabled":true,"_links":{"self":[{"href":"https:\/\/la-vie-d-apres.fr\/index.php\/wp-json\/wp\/v2\/product\/485","targetHints":{"allow":["GET"]}}],"collection":[{"href":"https:\/\/la-vie-d-apres.fr\/index.php\/wp-json\/wp\/v2\/product"}],"about":[{"href":"https:\/\/la-vie-d-apres.fr\/index.php\/wp-json\/wp\/v2\/types\/product"}],"replies":[{"embeddable":true,"href":"https:\/\/la-vie-d-apres.fr\/index.php\/wp-json\/wp\/v2\/comments?post=485"}],"wp:featuredmedia":[{"embeddable":true,"href":"https:\/\/la-vie-d-apres.fr\/index.php\/wp-json\/wp\/v2\/media\/489"}],"wp:attachment":[{"href":"https:\/\/la-vie-d-apres.fr\/index.php\/wp-json\/wp\/v2\/media?parent=485"}],"wp:term":[{"taxonomy":"product_brand","embeddable":true,"href":"https:\/\/la-vie-d-apres.fr\/index.php\/wp-json\/wp\/v2\/product_brand?post=485"},{"taxonomy":"product_cat","embeddable":true,"href":"https:\/\/la-vie-d-apres.fr\/index.php\/wp-json\/wp\/v2\/product_cat?post=485"},{"taxonomy":"product_tag","embeddable":true,"href":"https:\/\/la-vie-d-apres.fr\/index.php\/wp-json\/wp\/v2\/product_tag?post=485"}],"curies":[{"name":"wp","href":"https:\/\/api.w.org\/{rel}","templated":true}]}}